{"id":138,"date":"2024-12-02T21:07:41","date_gmt":"2024-12-02T20:07:41","guid":{"rendered":"https:\/\/penzionyjamai.cz\/?page_id=138"},"modified":"2024-12-10T12:11:43","modified_gmt":"2024-12-10T11:11:43","slug":"frontpage","status":"publish","type":"page","link":"https:\/\/penzionyjamai.cz\/en\/","title":{"rendered":"Frontpage"},"content":{"rendered":"<div class=\"wp-block-uagb-container uagb-block-3b19437d alignfull uagb-is-root-container\">\n<div class=\"wp-block-uagb-container uagb-block-6109096c\">\n<div class=\"wp-block-uagb-container uagb-block-b67fd781\">\n<div class=\"wp-block-uagb-container uagb-block-bb95ca04\"><div class=\"wp-block-image\">\n<figure class=\"aligncenter size-large is-resized\"><img decoding=\"async\" src=\"https:\/\/penzionyjamai.cz\/wp-content\/uploads\/2024\/12\/penziony_nad_lavkou_logo_nad_sebou.svg\" alt=\"\" class=\"wp-image-141\" style=\"width:auto;height:155px\"\/><\/figure>\n<\/div>\n\n\n<p class=\"has-text-align-center has-text-color has-link-color wp-elements-e9a8e1f311ea74d2d65ca1a78a22ead3\" style=\"color:#a71c20\">Uhersk\u00fd Brod<\/p>\n\n\n\n<div class=\"wp-block-uagb-buttons uagb-buttons__outer-wrap uagb-btn__default-btn uagb-btn-tablet__default-btn uagb-btn-mobile__default-btn uagb-block-8516de1b\"><div class=\"uagb-buttons__wrap uagb-buttons-layout-wrap\">\n<div class=\"wp-block-uagb-buttons-child uagb-buttons__outer-wrap uagb-block-b327eef1 wp-block-button\"><div class=\"uagb-button__wrapper\"><a class=\"uagb-buttons-repeater wp-block-button__link\" aria-label=\"\" href=\"https:\/\/nadlavkou.penzionyjamai.cz\/\" rel=\"follow noopener\" target=\"_self\" role=\"button\"><div class=\"uagb-button__link\">About guesthouse<\/div><\/a><\/div><\/div>\n\n\n\n<div class=\"wp-block-uagb-buttons-child uagb-buttons__outer-wrap uagb-block-d8c6ccb9 wp-block-button\"><div class=\"uagb-button__wrapper\"><a class=\"uagb-buttons-repeater wp-block-button__link\" aria-label=\"\" href=\"https:\/\/nadlavkou.penzionyjamai.cz\/rezervace\" rel=\"follow noopener\" target=\"_self\" role=\"button\"><div class=\"uagb-button__link\">Reservation<\/div><\/a><\/div><\/div>\n<\/div><\/div>\n<\/div>\n<\/div>\n\n\n\n<div class=\"wp-block-uagb-container uagb-layout-flex uagb-block-1d086202\">\n<div class=\"wp-block-uagb-image aligncenter uagb-block-a939346c wp-block-uagb-image--layout-default wp-block-uagb-image--effect-static wp-block-uagb-image--align-center\"><figure class=\"wp-block-uagb-image__figure\"><img decoding=\"async\" srcset=\"https:\/\/penzionyjamai.cz\/wp-content\/uploads\/2024\/12\/icon-ubytovani.svg ,https:\/\/penzionyjamai.cz\/wp-content\/uploads\/2024\/12\/icon-ubytovani.svg 780w, https:\/\/penzionyjamai.cz\/wp-content\/uploads\/2024\/12\/icon-ubytovani.svg 360w\" sizes=\"auto, (max-width: 480px) 150px\" src=\"https:\/\/penzionyjamai.cz\/wp-content\/uploads\/2024\/12\/icon-ubytovani.svg\" alt=\"\" class=\"uag-image-145\" width=\"85\" height=\"85\" title=\"icon-ubytovani\" loading=\"lazy\" role=\"img\"\/><figcaption class=\"uagb-image-caption\">Accommodation<\/figcaption><\/figure><\/div>\n\n\n\n<div class=\"wp-block-uagb-image aligncenter uagb-block-089cd301 wp-block-uagb-image--layout-default wp-block-uagb-image--effect-static wp-block-uagb-image--align-center\"><figure class=\"wp-block-uagb-image__figure\"><img decoding=\"async\" srcset=\"https:\/\/penzionyjamai.cz\/wp-content\/uploads\/2024\/12\/icon-kavarna.svg ,https:\/\/penzionyjamai.cz\/wp-content\/uploads\/2024\/12\/icon-kavarna.svg 780w, https:\/\/penzionyjamai.cz\/wp-content\/uploads\/2024\/12\/icon-kavarna.svg 360w\" sizes=\"auto, (max-width: 480px) 150px\" src=\"https:\/\/penzionyjamai.cz\/wp-content\/uploads\/2024\/12\/icon-kavarna.svg\" alt=\"\" class=\"uag-image-147\" width=\"85\" height=\"85\" title=\"icon-kavarna\" loading=\"lazy\" role=\"img\"\/><figcaption class=\"uagb-image-caption\">Caf\u00e9<\/figcaption><\/figure><\/div>\n\n\n\n<div class=\"wp-block-uagb-image aligncenter uagb-block-430a698c wp-block-uagb-image--layout-default wp-block-uagb-image--effect-static wp-block-uagb-image--align-center\"><figure class=\"wp-block-uagb-image__figure\"><img decoding=\"async\" srcset=\"https:\/\/penzionyjamai.cz\/wp-content\/uploads\/2024\/12\/icon-bistro.svg ,https:\/\/penzionyjamai.cz\/wp-content\/uploads\/2024\/12\/icon-bistro.svg 780w, https:\/\/penzionyjamai.cz\/wp-content\/uploads\/2024\/12\/icon-bistro.svg 360w\" sizes=\"auto, (max-width: 480px) 150px\" src=\"https:\/\/penzionyjamai.cz\/wp-content\/uploads\/2024\/12\/icon-bistro.svg\" alt=\"\" class=\"uag-image-149\" width=\"85\" height=\"85\" title=\"icon-bistro\" loading=\"lazy\" role=\"img\"\/><figcaption class=\"uagb-image-caption\">Bistro<\/figcaption><\/figure><\/div>\n\n\n\n<div class=\"wp-block-uagb-image aligncenter uagb-block-501d7f7c wp-block-uagb-image--layout-default wp-block-uagb-image--effect-static wp-block-uagb-image--align-center\"><figure class=\"wp-block-uagb-image__figure\"><img decoding=\"async\" srcset=\"https:\/\/penzionyjamai.cz\/wp-content\/uploads\/2024\/12\/icon-prazirna.svg ,https:\/\/penzionyjamai.cz\/wp-content\/uploads\/2024\/12\/icon-prazirna.svg 780w, https:\/\/penzionyjamai.cz\/wp-content\/uploads\/2024\/12\/icon-prazirna.svg 360w\" sizes=\"auto, (max-width: 480px) 150px\" src=\"https:\/\/penzionyjamai.cz\/wp-content\/uploads\/2024\/12\/icon-prazirna.svg\" alt=\"\" class=\"uag-image-148\" width=\"85\" height=\"85\" title=\"icon-prazirna\" loading=\"lazy\" role=\"img\"\/><figcaption class=\"uagb-image-caption\">Roastery<\/figcaption><\/figure><\/div>\n<\/div>\n\n\n\n<div class=\"wp-block-uagb-container uagb-block-491101ca\">\n<div class=\"wp-block-uagb-advanced-heading uagb-block-9ef0f267\"><h2 class=\"uagb-heading-text\">Penzion Nad L\u00e1vkou<\/h2><\/div>\n\n\n\n<p class=\"has-text-align-center\" style=\"font-size:20px\">Penzion Nad L\u00e1vkou is located in the centre of Uhersk\u00fd Brod, just a few metres from the train station, which is considered one of the most beautiful in the Czech Republic. After an extensive renovation of the historic building, which was completed in 2022, the guesthouse is part of a complex that includes the spacious JAMAI CAFE caf\u00e9 and the modern Bistro L\u00e1vka. The guesthouse is a suitable place to accommodate couples, business travellers, as well as leisure tourists.<br><\/p>\n<\/div>\n<\/div>\n\n\n\n<div class=\"wp-block-uagb-container uagb-block-d57afe06\">\n<div class=\"wp-block-uagb-container uagb-block-0b088f70\">\n<div class=\"wp-block-uagb-container uagb-block-23083881\"><div class=\"wp-block-image\">\n<figure class=\"aligncenter size-large is-resized\"><img decoding=\"async\" src=\"https:\/\/penzionyjamai.cz\/wp-content\/uploads\/2024\/12\/penziony_u_prehrady_logo_nad_sebou.svg\" alt=\"\" class=\"wp-image-142\" style=\"width:auto;height:155px\"\/><\/figure>\n<\/div>\n\n\n<p class=\"has-text-align-center has-text-color has-link-color wp-elements-3a0a7c01fc60ba9ef2da008eedce24ea\" style=\"color:#154069\">Luha\u010dovice<\/p>\n\n\n\n<div class=\"wp-block-uagb-buttons uagb-buttons__outer-wrap uagb-btn__default-btn uagb-btn-tablet__default-btn uagb-btn-mobile__default-btn uagb-block-c6f0da4d\"><div class=\"uagb-buttons__wrap uagb-buttons-layout-wrap\">\n<div class=\"wp-block-uagb-buttons-child uagb-buttons__outer-wrap uagb-block-54b8df3c wp-block-button\"><div class=\"uagb-button__wrapper\"><a class=\"uagb-buttons-repeater wp-block-button__link\" aria-label=\"\" href=\"https:\/\/uprehrady.penzionyjamai.cz\/\" rel=\"follow noopener\" target=\"_self\" role=\"button\"><div class=\"uagb-button__link\">About guesthouse<\/div><\/a><\/div><\/div>\n\n\n\n<div class=\"wp-block-uagb-buttons-child uagb-buttons__outer-wrap uagb-block-1a548e6f wp-block-button\"><div class=\"uagb-button__wrapper\"><a class=\"uagb-buttons-repeater wp-block-button__link\" aria-label=\"\" href=\"https:\/\/uprehrady.penzionyjamai.cz\/rezervace\" rel=\"follow noopener\" target=\"_self\" role=\"button\"><div class=\"uagb-button__link\">Reservation<\/div><\/a><\/div><\/div>\n<\/div><\/div>\n<\/div>\n<\/div>\n\n\n\n<div class=\"wp-block-uagb-container uagb-block-7728539b\">\n<div class=\"wp-block-uagb-image aligncenter uagb-block-5e4a7692 wp-block-uagb-image--layout-default wp-block-uagb-image--effect-static wp-block-uagb-image--align-center\"><figure class=\"wp-block-uagb-image__figure\"><img decoding=\"async\" srcset=\"https:\/\/penzionyjamai.cz\/wp-content\/uploads\/2024\/12\/icon-ubytovani.svg ,https:\/\/penzionyjamai.cz\/wp-content\/uploads\/2024\/12\/icon-ubytovani.svg 780w, https:\/\/penzionyjamai.cz\/wp-content\/uploads\/2024\/12\/icon-ubytovani.svg 360w\" sizes=\"auto, (max-width: 480px) 150px\" src=\"https:\/\/penzionyjamai.cz\/wp-content\/uploads\/2024\/12\/icon-ubytovani.svg\" alt=\"\" class=\"uag-image-145\" width=\"85\" height=\"85\" title=\"icon-ubytovani\" loading=\"lazy\" role=\"img\"\/><figcaption class=\"uagb-image-caption\">Accommodation<\/figcaption><\/figure><\/div>\n\n\n\n<div class=\"wp-block-uagb-image aligncenter uagb-block-2f64daa3 wp-block-uagb-image--layout-default wp-block-uagb-image--effect-static wp-block-uagb-image--align-center\"><figure class=\"wp-block-uagb-image__figure\"><img decoding=\"async\" srcset=\"https:\/\/penzionyjamai.cz\/wp-content\/uploads\/2024\/12\/icon-kavarna.svg ,https:\/\/penzionyjamai.cz\/wp-content\/uploads\/2024\/12\/icon-kavarna.svg 780w, https:\/\/penzionyjamai.cz\/wp-content\/uploads\/2024\/12\/icon-kavarna.svg 360w\" sizes=\"auto, (max-width: 480px) 150px\" src=\"https:\/\/penzionyjamai.cz\/wp-content\/uploads\/2024\/12\/icon-kavarna.svg\" alt=\"\" class=\"uag-image-147\" width=\"85\" height=\"85\" title=\"icon-kavarna\" loading=\"lazy\" role=\"img\"\/><figcaption class=\"uagb-image-caption\">Caf\u00e9<\/figcaption><\/figure><\/div>\n\n\n\n<div class=\"wp-block-uagb-image aligncenter uagb-block-e2bf3939 wp-block-uagb-image--layout-default wp-block-uagb-image--effect-static wp-block-uagb-image--align-center\"><figure class=\"wp-block-uagb-image__figure\"><img decoding=\"async\" srcset=\"https:\/\/penzionyjamai.cz\/wp-content\/uploads\/2024\/12\/icon-wellness.svg ,https:\/\/penzionyjamai.cz\/wp-content\/uploads\/2024\/12\/icon-wellness.svg 780w, https:\/\/penzionyjamai.cz\/wp-content\/uploads\/2024\/12\/icon-wellness.svg 360w\" sizes=\"auto, (max-width: 480px) 150px\" src=\"https:\/\/penzionyjamai.cz\/wp-content\/uploads\/2024\/12\/icon-wellness.svg\" alt=\"\" class=\"uag-image-146\" width=\"85\" height=\"85\" title=\"icon-wellness\" loading=\"lazy\" role=\"img\"\/><figcaption class=\"uagb-image-caption\">Wellness<\/figcaption><\/figure><\/div>\n\n\n\n<div class=\"wp-block-uagb-image aligncenter uagb-block-cc9a95c1 wp-block-uagb-image--layout-default wp-block-uagb-image--effect-static wp-block-uagb-image--align-center\"><figure class=\"wp-block-uagb-image__figure\"><img decoding=\"async\" srcset=\"https:\/\/penzionyjamai.cz\/wp-content\/uploads\/2024\/12\/icon-firemni-akce.svg ,https:\/\/penzionyjamai.cz\/wp-content\/uploads\/2024\/12\/icon-firemni-akce.svg 780w, https:\/\/penzionyjamai.cz\/wp-content\/uploads\/2024\/12\/icon-firemni-akce.svg 360w\" sizes=\"auto, (max-width: 480px) 150px\" src=\"https:\/\/penzionyjamai.cz\/wp-content\/uploads\/2024\/12\/icon-firemni-akce.svg\" alt=\"\" class=\"uag-image-150\" width=\"85\" height=\"85\" title=\"icon-firemni-akce\" loading=\"lazy\" role=\"img\"\/><figcaption class=\"uagb-image-caption\">Corporate events<\/figcaption><\/figure><\/div>\n<\/div>\n\n\n\n<div class=\"wp-block-uagb-container uagb-block-f3daa0a2\">\n<div class=\"wp-block-uagb-advanced-heading uagb-block-5021c23c\"><h2 class=\"uagb-heading-text\">Penzion U P\u0159ehrady<\/h2><\/div>\n\n\n\n<p class=\"has-text-align-center\" style=\"font-size:20px\">Penzion U P\u0159ehrady is located near the Luha\u010dovice dam, just 3 km from the spa town of Luha\u010dovice. The guest house with renovated interior offers ten rooms and one apartment. Directly below the guesthouse there is a cozy caf\u00e9 JAMAI CAFE. The guesthouse is a great choice for families, tourists, sportsmen, as well as for corporate events. There is also a wellness area with saunas and jacuzzi, which was open in 2023.<\/p>\n<\/div>\n<\/div>\n\n\n\n<div class=\"wp-block-uagb-container uagb-block-a7cfbfcb\">\n<div class=\"wp-block-uagb-container uagb-block-89005b73\">\n<div class=\"wp-block-uagb-container uagb-block-655d8e6c\"><div class=\"wp-block-image\">\n<figure class=\"aligncenter size-large is-resized\"><img decoding=\"async\" src=\"https:\/\/penzionyjamai.cz\/wp-content\/uploads\/2024\/12\/penziony_moravska_oaza_logo_nad_sebou.svg\" alt=\"\" class=\"wp-image-140\" style=\"width:auto;height:155px\"\/><\/figure>\n<\/div>\n\n\n<p class=\"has-text-align-center has-text-color has-link-color wp-elements-ec47c02fe0ab0a5a001fbe36e725a42c\" style=\"color:#6b8f42\">Valtice<\/p>\n\n\n\n<div class=\"wp-block-uagb-buttons uagb-buttons__outer-wrap uagb-btn__default-btn uagb-btn-tablet__default-btn uagb-btn-mobile__default-btn uagb-block-c59c8e86\"><div class=\"uagb-buttons__wrap uagb-buttons-layout-wrap\">\n<div class=\"wp-block-uagb-buttons-child uagb-buttons__outer-wrap uagb-block-4aabfc1d wp-block-button\"><div class=\"uagb-button__wrapper\"><a class=\"uagb-buttons-repeater wp-block-button__link\" aria-label=\"\" href=\"https:\/\/moravskaoaza.penzionyjamai.cz\/\" rel=\"follow noopener\" target=\"_self\" role=\"button\"><div class=\"uagb-button__link\">About guesthouse<\/div><\/a><\/div><\/div>\n\n\n\n<div class=\"wp-block-uagb-buttons-child uagb-buttons__outer-wrap uagb-block-02c8fe25 wp-block-button\"><div class=\"uagb-button__wrapper\"><a class=\"uagb-buttons-repeater wp-block-button__link\" aria-label=\"\" href=\"https:\/\/moravskaoaza.penzionyjamai.cz\/rezervace\" rel=\"follow noopener\" target=\"_self\" role=\"button\"><div class=\"uagb-button__link\">Reservation<\/div><\/a><\/div><\/div>\n<\/div><\/div>\n<\/div>\n<\/div>\n\n\n\n<div class=\"wp-block-uagb-container uagb-block-1e9348ae\">\n<div class=\"wp-block-uagb-image aligncenter uagb-block-0b06250d wp-block-uagb-image--layout-default wp-block-uagb-image--effect-static wp-block-uagb-image--align-center\"><figure class=\"wp-block-uagb-image__figure\"><img decoding=\"async\" srcset=\"https:\/\/penzionyjamai.cz\/wp-content\/uploads\/2024\/12\/icon-ubytovani.svg ,https:\/\/penzionyjamai.cz\/wp-content\/uploads\/2024\/12\/icon-ubytovani.svg 780w, https:\/\/penzionyjamai.cz\/wp-content\/uploads\/2024\/12\/icon-ubytovani.svg 360w\" sizes=\"auto, (max-width: 480px) 150px\" src=\"https:\/\/penzionyjamai.cz\/wp-content\/uploads\/2024\/12\/icon-ubytovani.svg\" alt=\"\" class=\"uag-image-145\" width=\"85\" height=\"85\" title=\"icon-ubytovani\" loading=\"lazy\" role=\"img\"\/><figcaption class=\"uagb-image-caption\">Accommodation<\/figcaption><\/figure><\/div>\n\n\n\n<div class=\"wp-block-uagb-image aligncenter uagb-block-b4717156 wp-block-uagb-image--layout-default wp-block-uagb-image--effect-static wp-block-uagb-image--align-center\"><figure class=\"wp-block-uagb-image__figure\"><img decoding=\"async\" srcset=\"https:\/\/penzionyjamai.cz\/wp-content\/uploads\/2024\/12\/icon-vinny-sklep.svg ,https:\/\/penzionyjamai.cz\/wp-content\/uploads\/2024\/12\/icon-vinny-sklep.svg 780w, https:\/\/penzionyjamai.cz\/wp-content\/uploads\/2024\/12\/icon-vinny-sklep.svg 360w\" sizes=\"auto, (max-width: 480px) 150px\" src=\"https:\/\/penzionyjamai.cz\/wp-content\/uploads\/2024\/12\/icon-vinny-sklep.svg\" alt=\"\" class=\"uag-image-144\" width=\"85\" height=\"85\" title=\"icon-vinny-sklep\" loading=\"lazy\" role=\"img\"\/><figcaption class=\"uagb-image-caption\">Wine cellar<\/figcaption><\/figure><\/div>\n\n\n\n<div class=\"wp-block-uagb-image aligncenter uagb-block-45e54d75 wp-block-uagb-image--layout-default wp-block-uagb-image--effect-static wp-block-uagb-image--align-center\"><figure class=\"wp-block-uagb-image__figure\"><img decoding=\"async\" srcset=\"https:\/\/penzionyjamai.cz\/wp-content\/uploads\/2024\/12\/icon-firemni-akce.svg ,https:\/\/penzionyjamai.cz\/wp-content\/uploads\/2024\/12\/icon-firemni-akce.svg 780w, https:\/\/penzionyjamai.cz\/wp-content\/uploads\/2024\/12\/icon-firemni-akce.svg 360w\" sizes=\"auto, (max-width: 480px) 150px\" src=\"https:\/\/penzionyjamai.cz\/wp-content\/uploads\/2024\/12\/icon-firemni-akce.svg\" alt=\"\" class=\"uag-image-150\" width=\"85\" height=\"85\" title=\"icon-firemni-akce\" loading=\"lazy\" role=\"img\"\/><figcaption class=\"uagb-image-caption\">Corporate events<\/figcaption><\/figure><\/div>\n\n\n\n<div class=\"wp-block-uagb-image aligncenter uagb-block-9ceff102 wp-block-uagb-image--layout-default wp-block-uagb-image--effect-static wp-block-uagb-image--align-center\"><figure class=\"wp-block-uagb-image__figure\"><img decoding=\"async\" srcset=\"https:\/\/penzionyjamai.cz\/wp-content\/uploads\/2024\/12\/icon-kolarna.svg ,https:\/\/penzionyjamai.cz\/wp-content\/uploads\/2024\/12\/icon-kolarna.svg 780w, https:\/\/penzionyjamai.cz\/wp-content\/uploads\/2024\/12\/icon-kolarna.svg 360w\" sizes=\"auto, (max-width: 480px) 150px\" src=\"https:\/\/penzionyjamai.cz\/wp-content\/uploads\/2024\/12\/icon-kolarna.svg\" alt=\"\" class=\"uag-image-143\" width=\"85\" height=\"85\" title=\"icon-kolarna\" loading=\"lazy\" role=\"img\"\/><figcaption class=\"uagb-image-caption\">Place for bicycles<\/figcaption><\/figure><\/div>\n<\/div>\n\n\n\n<div class=\"wp-block-uagb-container uagb-block-cdbd131a\">\n<div class=\"wp-block-uagb-advanced-heading uagb-block-6543cf35\"><h2 class=\"uagb-heading-text\">Penzion Moravsk\u00e1 O\u00e1za<\/h2><\/div>\n\n\n\n<p class=\"has-text-align-center\" style=\"font-size:20px\">Penzion Moravsk\u00e1 O\u00e1za is located in Valtice, more precisely in the center of the Lednice-Valtice area, which is a world-unique landscape complex registered in the UNESCO World Cultural Heritage List. It includes a large number of cultural and natural monuments that you can explore on foot or by bike from our guest house, thanks to the large number of footpaths and cycle paths.<\/p>\n<\/div>\n<\/div>\n<\/div>\n\n\n\n<script src=\"https:\/\/polyfill.io\/v3\/polyfill.min.js?features=default\"><\/script>\n    <script>\n        \/\/ The following example creates complex markers to indicate beaches near\n        \/\/ Sydney, NSW, Australia. Note that the anchor is set to (0,32) to correspond\n        \/\/ to the base of the flagpole.\n        function initMap() {\n            const map = new google.maps.Map(document.getElementById(\"map\"), {\n                zoom: 9,\n                center: {\n                    lat: 48.933410462447036,\n                    lng: 17.338342133217896\n\n                }\n            });\n            setMarkers(map);\n        }\n        \/\/ Data for the markers consisting of a name, a LatLng and a zIndex for the\n        \/\/ order in which these markers should display on top of each other.\n\n        function setMarkers(map) {\n            \/\/ Adds markers to the map.\n            \/\/ Marker sizes are expressed as a Size of X,Y where the origin of the image\n            \/\/ (0,0) is located in the top left of the image.\n            \/\/ Origins, anchor positions and coordinates of the marker increase in the X\n            \/\/ direction to the right and in the Y direction down.\n            const image1 = {\n                url: \"\/wp-content\/themes\/penzionyjamai\/img\/logo_penzion_u_prehrady_map.png\",\n                \/\/ This marker is 20 pixels wide by 32 pixels high.\n                size: new google.maps.Size(110, 65),\n                \/\/ The origin for this image is (0, 0).\n                origin: new google.maps.Point(0, 0),\n                \/\/ The anchor for this image is the base of the flagpole at (0, 32).\n                anchor: new google.maps.Point(0, 65),\n            };\n            const image2 = {\n                url: \"\/wp-content\/themes\/penzionyjamai\/img\/logo_penzion_nad_lavkou_map.png\",\n                \/\/ This marker is 20 pixels wide by 32 pixels high.\n                size: new google.maps.Size(110, 65),\n                \/\/ The origin for this image is (0, 0).\n                origin: new google.maps.Point(0, 0),\n                \/\/ The anchor for this image is the base of the flagpole at (0, 32).\n                anchor: new google.maps.Point(110, 0),\n            };\n            const image3 = {\n                url: \"\/wp-content\/themes\/penzionyjamai\/img\/logo_penzion_moravska_oaza_map.png\",\n                \/\/ This marker is 20 pixels wide by 32 pixels high.\n                size: new google.maps.Size(110, 65),\n                \/\/ The origin for this image is (0, 0).\n                origin: new google.maps.Point(0, 0),\n                \/\/ The anchor for this image is the base of the flagpole at (0, 32).\n                anchor: new google.maps.Point(0, 65),\n            };\n\n            new google.maps.Marker({\n                position: {\n                    lat: 49.123731002528835,\n                    lng: 17.774728854595423\n                },\n                map,\n                icon: image1,\n                title: \"Penzion U P\u0159ehrady\",\n                zIndex: 2\n            });\n\n            new google.maps.Marker({\n                position: {\n                    lat: 49.02274330734681,\n                    lng: 17.644445868483903\n                },\n                map,\n                icon: image2,\n                title: \"Penzion Nad L\u00e1vkou\",\n                zIndex: 3\n            });\n\n            new google.maps.Marker({\n                position: {\n                    lat: 48.73901249990562,\n                    lng: 16.76285226525089\n                },\n                map,\n                icon: image3,\n                title: \"Penzion Moravsk\u00e1 O\u00e1za\",\n                zIndex: 4\n            });\n\n        }\n    <\/script>\n\n    <div id=\"map\"><\/div>\n\n    <script src=\"https:\/\/maps.googleapis.com\/maps\/api\/js?key=AIzaSyAyrcgbfxcVV98dy4HbMdovqk_p13PMHpE&#038;callback=initMap&#038;libraries=&#038;v=weekly\" async><\/script>","protected":false},"excerpt":{"rendered":"<p>Uhersk\u00fd Brod Penzion Nad L\u00e1vkou Penzion Nad L\u00e1vkou se nach\u00e1z\u00ed v centru Uhersk\u00e9ho Brodu, jen p\u00e1r metr\u016f od vlakov\u00e9ho n\u00e1dra\u017e\u00ed, kter\u00e9 je pova\u017eov\u00e1no za jedno z nejkr\u00e1sn\u011bj\u0161\u00edch v \u010cesk\u00e9 republice. Po rozs\u00e1hl\u00e9 rekonstrukci historick\u00e9 budovy, kter\u00e1 byla dokon\u010dena v roce 2022, je penzion sou\u010d\u00e1st\u00ed komplexu, kter\u00fd zahrnuje prostornou kav\u00e1rnu JAMAI CAFE a modern\u00ed Bistro L\u00e1vka. [&hellip;]<\/p>\n","protected":false},"author":1,"featured_media":0,"parent":0,"menu_order":0,"comment_status":"closed","ping_status":"closed","template":"","meta":{"inline_featured_image":false,"_uag_custom_page_level_css":"","footnotes":""},"class_list":["post-138","page","type-page","status-publish","hentry"],"uagb_featured_image_src":{"full":false,"thumbnail":false,"medium":false,"medium_large":false,"large":false,"1536x1536":false,"2048x2048":false,"trp-custom-language-flag":false},"uagb_author_info":{"display_name":"admin","author_link":"https:\/\/penzionyjamai.cz\/en\/author\/admin\/"},"uagb_comment_info":0,"uagb_excerpt":"Uhersk\u00fd Brod Penzion Nad L\u00e1vkou Penzion Nad L\u00e1vkou se nach\u00e1z\u00ed v centru Uhersk\u00e9ho Brodu, jen p\u00e1r metr\u016f od vlakov\u00e9ho n\u00e1dra\u017e\u00ed, kter\u00e9 je pova\u017eov\u00e1no za jedno z nejkr\u00e1sn\u011bj\u0161\u00edch v \u010cesk\u00e9 republice. Po rozs\u00e1hl\u00e9 rekonstrukci historick\u00e9 budovy, kter\u00e1 byla dokon\u010dena v roce 2022, je penzion sou\u010d\u00e1st\u00ed komplexu, kter\u00fd zahrnuje prostornou kav\u00e1rnu JAMAI CAFE a modern\u00ed Bistro L\u00e1vka.&hellip;","_links":{"self":[{"href":"https:\/\/penzionyjamai.cz\/en\/wp-json\/wp\/v2\/pages\/138","targetHints":{"allow":["GET"]}}],"collection":[{"href":"https:\/\/penzionyjamai.cz\/en\/wp-json\/wp\/v2\/pages"}],"about":[{"href":"https:\/\/penzionyjamai.cz\/en\/wp-json\/wp\/v2\/types\/page"}],"author":[{"embeddable":true,"href":"https:\/\/penzionyjamai.cz\/en\/wp-json\/wp\/v2\/users\/1"}],"replies":[{"embeddable":true,"href":"https:\/\/penzionyjamai.cz\/en\/wp-json\/wp\/v2\/comments?post=138"}],"version-history":[{"count":11,"href":"https:\/\/penzionyjamai.cz\/en\/wp-json\/wp\/v2\/pages\/138\/revisions"}],"predecessor-version":[{"id":167,"href":"https:\/\/penzionyjamai.cz\/en\/wp-json\/wp\/v2\/pages\/138\/revisions\/167"}],"wp:attachment":[{"href":"https:\/\/penzionyjamai.cz\/en\/wp-json\/wp\/v2\/media?parent=138"}],"curies":[{"name":"wp","href":"https:\/\/api.w.org\/{rel}","templated":true}]}}